{"id":40,"date":"2019-04-20T14:47:11","date_gmt":"2019-04-20T12:47:11","guid":{"rendered":"https:\/\/bw-pictures.ch\/content\/?page_id=40"},"modified":"2019-05-19T19:45:54","modified_gmt":"2019-05-19T17:45:54","slug":"ihr-bilderwunsch","status":"publish","type":"page","link":"https:\/\/bw-pictures.ch\/content\/ihr-bilderwunsch\/","title":{"rendered":"Ihr Bilderwunsch"},"content":{"rendered":"\n<p> Ein Bild an der Wand ist mehr als ein Bild auf dem Bildschirm. Kein Problem, nat\u00fcrlich k\u00f6nnen Sie die Bilder aus dem <em>Projekt Niederhelfenschwil<\/em> auch kaufen. Fragen Sie uns doch an. Wir k\u00f6nnen Ihnen die Bilder, falls gew\u00fcnscht, gerahmt und hinter einem Passepartous liefern. Wir empfehlen Ihnen diese Version, denn Fotos sind empfindlich. Wir liefern Ihnen die Bilder auf edlem und archivsicherem Papier bis zu einer Gr\u00f6sse von A3. Kontaktdaten finden Sie im <a href=\"https:\/\/bw-pictures.ch\/content\/impressum\/\" target=\"_blank\" rel=\"noreferrer noopener\" aria-label=\"Impressum (\u00f6ffnet in neuem Tab)\">Impressum<\/a>. <\/p>\n","protected":false},"excerpt":{"rendered":"<p>Ein Bild an der Wand ist mehr als ein Bild auf dem Bildschirm. Kein Problem, nat\u00fcrlich k\u00f6nnen Sie die Bilder aus dem Projekt Niederhelfenschwil auch kaufen. Fragen Sie uns doch an. Wir k\u00f6nnen Ihnen die Bilder, falls gew\u00fcnscht, gerahmt und hinter einem Passepartous liefern. Wir empfehlen Ihnen diese Version, denn Fotos sind empfindlich. Wir liefern &hellip; <\/p>\n<p class=\"link-more\"><a href=\"https:\/\/bw-pictures.ch\/content\/ihr-bilderwunsch\/\" class=\"more-link\"><span class=\"screen-reader-text\">\u201eIhr Bilderwunsch\u201c <\/span>weiterlesen<\/a><\/p>\n","protected":false},"author":1,"featured_media":0,"parent":0,"menu_order":7,"comment_status":"closed","ping_status":"closed","template":"","meta":{"footnotes":""},"class_list":["post-40","page","type-page","status-publish","hentry"],"_links":{"self":[{"href":"https:\/\/bw-pictures.ch\/content\/wp-json\/wp\/v2\/pages\/40","targetHints":{"allow":["GET"]}}],"collection":[{"href":"https:\/\/bw-pictures.ch\/content\/wp-json\/wp\/v2\/pages"}],"about":[{"href":"https:\/\/bw-pictures.ch\/content\/wp-json\/wp\/v2\/types\/page"}],"author":[{"embeddable":true,"href":"https:\/\/bw-pictures.ch\/content\/wp-json\/wp\/v2\/users\/1"}],"replies":[{"embeddable":true,"href":"https:\/\/bw-pictures.ch\/content\/wp-json\/wp\/v2\/comments?post=40"}],"version-history":[{"count":2,"href":"https:\/\/bw-pictures.ch\/content\/wp-json\/wp\/v2\/pages\/40\/revisions"}],"predecessor-version":[{"id":43,"href":"https:\/\/bw-pictures.ch\/content\/wp-json\/wp\/v2\/pages\/40\/revisions\/43"}],"wp:attachment":[{"href":"https:\/\/bw-pictures.ch\/content\/wp-json\/wp\/v2\/media?parent=40"}],"curies":[{"name":"wp","href":"https:\/\/api.w.org\/{rel}","templated":true}]}}