{"id":38,"date":"2019-04-19T14:46:03","date_gmt":"2019-04-19T12:46:03","guid":{"rendered":"https:\/\/bw-pictures.ch\/content\/?page_id=38"},"modified":"2019-05-19T19:45:40","modified_gmt":"2019-05-19T17:45:40","slug":"wir-fotografieren","status":"publish","type":"page","link":"https:\/\/bw-pictures.ch\/content\/wir-fotografieren\/","title":{"rendered":"Wir fotografieren"},"content":{"rendered":"\n<p> M\u00fcsste man diese interessante Person in der Gemeinde Niederhelfenschwil fotografieren? Sie wurde bisher im Rahmen des Dorfprojektes noch nicht fotografiert, w\u00e4re aber ein Thema daf\u00fcr. Sie kennen einen einmaligen oder regelm\u00e4ssigen Event, der sich lohnen w\u00fcrde. Nehmen Sie mit mir Kontakt auf, rufen Sie mich einfach an oder schicken Sie mir ein Mail. Ich bin immer an guten Serien interessiert. Meine Kontaktadresse finden Sie auf der Seite mit dem Impressum: <a href=\"https:\/\/bw-pictures.ch\/content\/impressum\/\" target=\"_blank\" rel=\"noreferrer noopener\" aria-label=\" (\u00f6ffnet in neuem Tab)\">Link<\/a>. <\/p>\n","protected":false},"excerpt":{"rendered":"<p>M\u00fcsste man diese interessante Person in der Gemeinde Niederhelfenschwil fotografieren? Sie wurde bisher im Rahmen des Dorfprojektes noch nicht fotografiert, w\u00e4re aber ein Thema daf\u00fcr. Sie kennen einen einmaligen oder regelm\u00e4ssigen Event, der sich lohnen w\u00fcrde. Nehmen Sie mit mir Kontakt auf, rufen Sie mich einfach an oder schicken Sie mir ein Mail. Ich bin &hellip; <\/p>\n<p class=\"link-more\"><a href=\"https:\/\/bw-pictures.ch\/content\/wir-fotografieren\/\" class=\"more-link\"><span class=\"screen-reader-text\">\u201eWir fotografieren\u201c <\/span>weiterlesen<\/a><\/p>\n","protected":false},"author":1,"featured_media":0,"parent":0,"menu_order":6,"comment_status":"closed","ping_status":"closed","template":"","meta":{"footnotes":""},"class_list":["post-38","page","type-page","status-publish","hentry"],"_links":{"self":[{"href":"https:\/\/bw-pictures.ch\/content\/wp-json\/wp\/v2\/pages\/38","targetHints":{"allow":["GET"]}}],"collection":[{"href":"https:\/\/bw-pictures.ch\/content\/wp-json\/wp\/v2\/pages"}],"about":[{"href":"https:\/\/bw-pictures.ch\/content\/wp-json\/wp\/v2\/types\/page"}],"author":[{"embeddable":true,"href":"https:\/\/bw-pictures.ch\/content\/wp-json\/wp\/v2\/users\/1"}],"replies":[{"embeddable":true,"href":"https:\/\/bw-pictures.ch\/content\/wp-json\/wp\/v2\/comments?post=38"}],"version-history":[{"count":2,"href":"https:\/\/bw-pictures.ch\/content\/wp-json\/wp\/v2\/pages\/38\/revisions"}],"predecessor-version":[{"id":95,"href":"https:\/\/bw-pictures.ch\/content\/wp-json\/wp\/v2\/pages\/38\/revisions\/95"}],"wp:attachment":[{"href":"https:\/\/bw-pictures.ch\/content\/wp-json\/wp\/v2\/media?parent=38"}],"curies":[{"name":"wp","href":"https:\/\/api.w.org\/{rel}","templated":true}]}}