{"id":36,"date":"2019-04-17T14:43:57","date_gmt":"2019-04-17T12:43:57","guid":{"rendered":"https:\/\/bw-pictures.ch\/content\/?page_id=36"},"modified":"2021-12-21T17:43:58","modified_gmt":"2021-12-21T16:43:58","slug":"ueber-mich","status":"publish","type":"page","link":"https:\/\/bw-pictures.ch\/content\/ueber-mich\/","title":{"rendered":"\u00dcber mich"},"content":{"rendered":"\n<p>Ich wurde 1955 in Basel (CH) geboren und wuchs mit einem Vater auf, der ausgezeichnet zeichnen konnte und unterwegs oft schnell ein Bild einer Landschaft oder einer Person zeichnete. Naheliegend, dass ich so wie er sein wollte. Doch leider fehlte und fehlt mir jegliches Zeichentalent. Eines Tages schenkte mir mein Vater eine Kamera mit dem Auftrag, meine Bilder mit der Kamera zu suchen. Seit diesem Tag ist dieses Werkzeug mein treuester Begleiter.<\/p>\n\n\n\n<p>Am Anfang, zwangsweise, weil es nichts anderes gab, Schwarzweissbilder. Sp\u00e4ter eine kurze Phase Farbbilder. Sehr schnell jedoch die R\u00fcckkehr zur Schwarz-Weiss-Fotografie, die mich immer mehr faszinierte. Schwarz \u2013 Weiss und die Vielfalt der Graut\u00f6ne wurden meine Passion. Um dem \u201eperfekten Bild\u201c n\u00e4her zu kommen, entwickelte und vergr\u00f6sserte ich meine Bilder sehr fr\u00fch im eigenen Labor selber. Die Kontrolle \u00fcber die ganze Kette von der Bildidee bis zum fertigen Print auf Baryt war mir immer wichtig. Im Zeitalter der Digitalfotografie ist ein Ausdruck auf einem edlen Papier dem vergleichbar. Ich bin der Meinung, nur der Print z\u00e4hlt, ein Bild auf einem Bildschirm ist eine halbe Sache. Mehr dazu ist im Teil <em><a href=\"https:\/\/bw-pictures.ch\/content\/technik\/\">Technik<\/a><\/em> zu lesen.<\/p>\n\n\n\n<p>Ich fotografiere vor allem Menschen im Alltag, Menschen in meiner Umgebung, egal ob es die Familie oder der Nachbar ist. Ich glaube, dass die Alltagsbilder von heute die interessanten Bilder von \u00fcbermorgen sein werden. Und zum Alltag geh\u00f6rt das Wichtigste \u00fcberhaupt, der Mensch in seiner Umgebung. Nicht das gestellte Foto ist mir wichtig, sondern das charaktervolle, ungeschminkte und nat\u00fcrliche Portrait.<\/p>\n\n\n\n<p><em>Bisherige Ausstellungen:<\/em><\/p>\n\n\n\n<ul class=\"wp-block-list\"><li>Guests and more (Restaurant Allegra, Uzwil, CH): Portraits\u00a0 von G\u00e4sten und K\u00fcnstlern an den kulturellen Anl\u00e4ssen <em>Kultur im Hotel<\/em> des Restaurant Allegra.<\/li><li>Bhutan (Geschenkgalerie Arte Nova, Uzwil, CH): Portraits von Menschen und Landschaften von Bhutan.<\/li><li>Gruppenausstellung: Kreatives Schaffen in der Gemeinde (Kobesenm\u00fchle, Stiftung Wilhelm Lehmann, Niederhelfenschwil, CH).<\/li><li>Regelm\u00e4ssig Bilder des <em>Projektes Niederhelfenschwil<\/em> in der Bibliothek Sproochbrugg (bis Ende 2020).<\/li><\/ul>\n","protected":false},"excerpt":{"rendered":"<p>Ich wurde 1955 in Basel (CH) geboren und wuchs mit einem Vater auf, der ausgezeichnet zeichnen konnte und unterwegs oft schnell ein Bild einer Landschaft oder einer Person zeichnete. Naheliegend, dass ich so wie er sein wollte. Doch leider fehlte und fehlt mir jegliches Zeichentalent. Eines Tages schenkte mir mein Vater eine Kamera mit dem &hellip; <\/p>\n<p class=\"link-more\"><a href=\"https:\/\/bw-pictures.ch\/content\/ueber-mich\/\" class=\"more-link\"><span class=\"screen-reader-text\">\u201e\u00dcber mich\u201c <\/span>weiterlesen<\/a><\/p>\n","protected":false},"author":1,"featured_media":0,"parent":0,"menu_order":4,"comment_status":"closed","ping_status":"closed","template":"","meta":{"footnotes":""},"class_list":["post-36","page","type-page","status-publish","hentry"],"_links":{"self":[{"href":"https:\/\/bw-pictures.ch\/content\/wp-json\/wp\/v2\/pages\/36","targetHints":{"allow":["GET"]}}],"collection":[{"href":"https:\/\/bw-pictures.ch\/content\/wp-json\/wp\/v2\/pages"}],"about":[{"href":"https:\/\/bw-pictures.ch\/content\/wp-json\/wp\/v2\/types\/page"}],"author":[{"embeddable":true,"href":"https:\/\/bw-pictures.ch\/content\/wp-json\/wp\/v2\/users\/1"}],"replies":[{"embeddable":true,"href":"https:\/\/bw-pictures.ch\/content\/wp-json\/wp\/v2\/comments?post=36"}],"version-history":[{"count":5,"href":"https:\/\/bw-pictures.ch\/content\/wp-json\/wp\/v2\/pages\/36\/revisions"}],"predecessor-version":[{"id":3173,"href":"https:\/\/bw-pictures.ch\/content\/wp-json\/wp\/v2\/pages\/36\/revisions\/3173"}],"wp:attachment":[{"href":"https:\/\/bw-pictures.ch\/content\/wp-json\/wp\/v2\/media?parent=36"}],"curies":[{"name":"wp","href":"https:\/\/api.w.org\/{rel}","templated":true}]}}