{"id":3203,"date":"2022-02-25T21:26:03","date_gmt":"2022-02-25T20:26:03","guid":{"rendered":"https:\/\/bw-pictures.ch\/content\/?page_id=3203"},"modified":"2024-04-13T21:59:14","modified_gmt":"2024-04-13T19:59:14","slug":"das-langzeitprojekt-niederhelfenschwil","status":"publish","type":"page","link":"https:\/\/bw-pictures.ch\/content\/das-langzeitprojekt-niederhelfenschwil\/","title":{"rendered":"Das Langzeitprojekt Niederhelfenschwil"},"content":{"rendered":"\n<p>Es hat mich viele Jahre begleitet, das Projekt Niederhelfenschwil. Die einzelnen Artikel mit vielen Bildern sind weiterhin auf dieser Seite vorhanden. <\/p>\n\n\n<ul class=\"lcp_catlist\" id=\"lcp_instance_0\"><li><a href=\"https:\/\/bw-pictures.ch\/content\/2023\/02\/20\/es-ist-nicht-ganz-so-einfach\/\">Wir sind noch dran &#8230;<\/a>  20. Februar 2023<\/li><li><a href=\"https:\/\/bw-pictures.ch\/content\/2020\/12\/31\/das-projekt-niederhelfenschwil\/\">Das Projekt Niederhelfenschwil<\/a>  31. Dezember 2020<\/li><li><a href=\"https:\/\/bw-pictures.ch\/content\/2020\/08\/23\/das-schlusskonzert\/\">Das Schlusskonzert<\/a>  23. August 2020<\/li><li><a href=\"https:\/\/bw-pictures.ch\/content\/2020\/04\/14\/bibliothek-im-coronamodus\/\">Bibliothek im Coronamodus<\/a>  14. April 2020<\/li><li><a href=\"https:\/\/bw-pictures.ch\/content\/2019\/11\/04\/sproochbrugg-tag-der-offenen-tuer-teil-3\/\">Sproochbrugg \u2013 Tag der offenen T\u00fcr (Teil 3)<\/a>  4. November 2019<\/li><li><a href=\"https:\/\/bw-pictures.ch\/content\/2019\/11\/01\/sproochbrugg-tag-der-offenen-tuer-teil-2\/\">Sproochbrugg &#8211; Tag der offenen T\u00fcr (Teil 2)<\/a>  1. November 2019<\/li><li><a href=\"https:\/\/bw-pictures.ch\/content\/2019\/10\/27\/50-jahre-sproochbrugg-tag-der-offenen-tuer\/\">Sproochbrugg &#8211; Tag der offenen T\u00fcr (Teil 1)<\/a>  27. Oktober 2019<\/li><li><a href=\"https:\/\/bw-pictures.ch\/content\/2019\/09\/18\/umblaettern-vom-blatt-zum-buch-teil-2\/\">Umbl\u00e4ttern \u2013 Vom Blatt zum Buch (Teil 2)<\/a>  18. September 2019<\/li><li><a href=\"https:\/\/bw-pictures.ch\/content\/2019\/09\/11\/umblaettern-vom-blatt-zum-buch-teil-1\/\">Umbl\u00e4ttern \u2013 Vom Blatt zum Buch (Teil 1)<\/a>  11. September 2019<\/li><li><a href=\"https:\/\/bw-pictures.ch\/content\/2018\/12\/29\/probe-musikgesellschaft-niederhelfenschwil\/\">Probe Musikgesellschaft Niederhelfenschwil<\/a>  29. Dezember 2018<\/li><li><a href=\"https:\/\/bw-pictures.ch\/content\/2018\/11\/12\/die-lesenacht-2018-der-bibliothek-sproochbrugg\/\">Die Lesenacht 2018 der Bibliothek Sproochbrugg<\/a>  12. November 2018<\/li><li><a href=\"https:\/\/bw-pictures.ch\/content\/2018\/10\/06\/der-neue-herbstmarkt-in-zuckenriet\/\">Der \u201eneue Herbstmarkt\u201c in Zuckenriet<\/a>  6. Oktober 2018<\/li><li><a href=\"https:\/\/bw-pictures.ch\/content\/2017\/09\/17\/die-lesewanderung-2017\/\">Die Lesewanderung 2017<\/a>  17. September 2017<\/li><li><a href=\"https:\/\/bw-pictures.ch\/content\/2016\/10\/27\/ein-poetry-slam-event\/\">Poetry-Slam<\/a>  27. Oktober 2016<\/li><li><a href=\"https:\/\/bw-pictures.ch\/content\/2016\/01\/09\/die-lesewanderung-2016\/\">Die Lesewanderung 2016<\/a>  9. Januar 2016<\/li><li><a href=\"https:\/\/bw-pictures.ch\/content\/2015\/06\/15\/die-lesewanderung-2015\/\">Die Lesewanderung 2015<\/a>  15. Juni 2015<\/li><li><a href=\"https:\/\/bw-pictures.ch\/content\/2014\/10\/11\/braunviehmarkt-in-zuckenriet-aufs-neue\/\">Braunviehmarkt in Zuckenriet (auf&#8217;s Neue)<\/a>  11. Oktober 2014<\/li><li><a href=\"https:\/\/bw-pictures.ch\/content\/2014\/10\/04\/der-herbstmarkt-in-zuckenriet-2\/\">Der Herbstmarkt in Zuckenriet<\/a>  4. Oktober 2014<\/li><li><a href=\"https:\/\/bw-pictures.ch\/content\/2014\/09\/10\/ausstellung-in-der-kobesen\/\">Ausstellung in der Kobesen<\/a>  10. September 2014<\/li><li><a href=\"https:\/\/bw-pictures.ch\/content\/2014\/09\/06\/schlussfest-des-lesesommers-2014\/\">Schlussfest des Lesesommers 2014<\/a>  6. September 2014<\/li><li><a href=\"https:\/\/bw-pictures.ch\/content\/2014\/04\/19\/osterhasen-ol-der-vierte\/\">Osterhasen OL (der Vierte)<\/a>  19. April 2014<\/li><li><a href=\"https:\/\/bw-pictures.ch\/content\/2013\/12\/09\/besuch-in-der-schreinerei\/\">Besuch in der Schreinerei<\/a>  9. Dezember 2013<\/li><li><a href=\"https:\/\/bw-pictures.ch\/content\/2013\/05\/12\/die-lesewanderung-2013\/\">Die Lesewanderung 2013<\/a>  12. Mai 2013<\/li><li><a href=\"https:\/\/bw-pictures.ch\/content\/2013\/03\/30\/osterhasen-ol-der-dritte\/\">Osterhasen OL (der Dritte)<\/a>  30. M\u00e4rz 2013<\/li><li><a href=\"https:\/\/bw-pictures.ch\/content\/2013\/01\/26\/besuch-in-der-baeckerei\/\">Besuch in der B\u00e4ckerei<\/a>  26. Januar 2013<\/li><li><a href=\"https:\/\/bw-pictures.ch\/content\/2013\/01\/24\/die-lesenacht-2013\/\">Die Lesenacht 2013 der Bibliothek Sproochbrugg<\/a>  24. Januar 2013<\/li><li><a href=\"https:\/\/bw-pictures.ch\/content\/2012\/12\/23\/probe-der-musikgesellschaft\/\">Probe der Musikgesellschaft<\/a>  23. Dezember 2012<\/li><li><a href=\"https:\/\/bw-pictures.ch\/content\/2012\/12\/12\/eine-theaterprobe\/\">Eine Theaterprobe<\/a>  12. Dezember 2012<\/li><li><a href=\"https:\/\/bw-pictures.ch\/content\/2012\/11\/30\/die-lesenacht-2012-der-bibliothek-sproochbrugg\/\">Die Lesenacht 2012 der Bibliothek Sproochbrugg<\/a>  30. November 2012<\/li><li><a href=\"https:\/\/bw-pictures.ch\/content\/2012\/05\/14\/die-lesewanderung-2012\/\">Die Lesewanderung 2012<\/a>  14. Mai 2012<\/li><\/ul><ul class='lcp_paginator'><li class='lcp_currentpage'>1<\/li><li><a href='https:\/\/bw-pictures.ch\/content\/wp-json\/wp\/v2\/pages\/3203?lcp_page0=2#lcp_instance_0' title='2'>2<\/a><\/li><li><a href='https:\/\/bw-pictures.ch\/content\/wp-json\/wp\/v2\/pages\/3203?lcp_page0=3#lcp_instance_0' title='3'>3<\/a><\/li><li><a href='https:\/\/bw-pictures.ch\/content\/wp-json\/wp\/v2\/pages\/3203?lcp_page0=2#lcp_instance_0' title='2' class='lcp_nextlink'>&gt;&gt;<\/a><\/li><\/ul>\n\n\n\n<p>Haben Sie Lust auf ein Bild des Projektes Niederhelfenschwil? Ein Bild an der Wand ist mehr als ein Bild auf dem Bildschirm. Kein Problem, nat\u00fcrlich k\u00f6nnen Sie unsere Bilder kaufen. Fragen Sie uns doch an. Wir k\u00f6nnen Ihnen die Bilder, falls gew\u00fcnscht, gerahmt und hinter Passepartout liefern. Wir empfehlen Ihnen diese Version, denn Fotos sind empfindlich. Bis zur Gr\u00f6sse von 70 Zentimetern (lange Seite) ist die Rahmung und der dazugeh\u00f6rige Passepartout kein Problem. Nehmen Sie mit uns Kontakt auf. Kontaktdaten finden Sie im <a href=\"https:\/\/bw-pictures.ch\/content\/impressum\/\" data-type=\"page\" data-id=\"10\" target=\"_blank\" rel=\"noreferrer noopener\">Impressum<\/a>.<\/p>\n","protected":false},"excerpt":{"rendered":"<p>Es hat mich viele Jahre begleitet, das Projekt Niederhelfenschwil. Die einzelnen Artikel mit vielen Bildern sind weiterhin auf dieser Seite vorhanden. Haben Sie Lust auf ein Bild des Projektes Niederhelfenschwil? Ein Bild an der Wand ist mehr als ein Bild auf dem Bildschirm. Kein Problem, nat\u00fcrlich k\u00f6nnen Sie unsere Bilder kaufen. Fragen Sie uns doch &hellip; <\/p>\n<p class=\"link-more\"><a href=\"https:\/\/bw-pictures.ch\/content\/das-langzeitprojekt-niederhelfenschwil\/\" class=\"more-link\"><span class=\"screen-reader-text\">\u201eDas Langzeitprojekt Niederhelfenschwil\u201c <\/span>weiterlesen<\/a><\/p>\n","protected":false},"author":1,"featured_media":0,"parent":0,"menu_order":0,"comment_status":"closed","ping_status":"closed","template":"","meta":{"footnotes":""},"class_list":["post-3203","page","type-page","status-publish","hentry"],"_links":{"self":[{"href":"https:\/\/bw-pictures.ch\/content\/wp-json\/wp\/v2\/pages\/3203","targetHints":{"allow":["GET"]}}],"collection":[{"href":"https:\/\/bw-pictures.ch\/content\/wp-json\/wp\/v2\/pages"}],"about":[{"href":"https:\/\/bw-pictures.ch\/content\/wp-json\/wp\/v2\/types\/page"}],"author":[{"embeddable":true,"href":"https:\/\/bw-pictures.ch\/content\/wp-json\/wp\/v2\/users\/1"}],"replies":[{"embeddable":true,"href":"https:\/\/bw-pictures.ch\/content\/wp-json\/wp\/v2\/comments?post=3203"}],"version-history":[{"count":7,"href":"https:\/\/bw-pictures.ch\/content\/wp-json\/wp\/v2\/pages\/3203\/revisions"}],"predecessor-version":[{"id":3210,"href":"https:\/\/bw-pictures.ch\/content\/wp-json\/wp\/v2\/pages\/3203\/revisions\/3210"}],"wp:attachment":[{"href":"https:\/\/bw-pictures.ch\/content\/wp-json\/wp\/v2\/media?parent=3203"}],"curies":[{"name":"wp","href":"https:\/\/api.w.org\/{rel}","templated":true}]}}