{"id":3052,"date":"2020-07-24T21:39:33","date_gmt":"2020-07-24T19:39:33","guid":{"rendered":"https:\/\/bw-pictures.ch\/content\/?page_id=3052"},"modified":"2024-04-13T21:59:02","modified_gmt":"2024-04-13T19:59:02","slug":"copyright","status":"publish","type":"page","link":"https:\/\/bw-pictures.ch\/content\/copyright\/","title":{"rendered":"Copyright der Bilder von BW Pictures"},"content":{"rendered":"\n<h2 class=\"wp-block-heading\">Rechte der Fotos von BW Pictures<\/h2>\n\n\n\n<p>Alle Fotos von BW Pictures sind urheberrechtlich gesch\u00fctzt und d\u00fcrfen ohne schriftliche Genehmigung des Fotografen nicht kopiert, gedruckt oder sonst wie ver\u00f6ffentlicht werden. Vor jeder Verwendung muss mit mir Kontakt aufgenommen werden, damit die Bedingungen gekl\u00e4rt werden, in welcher Form die Fotos ver\u00f6ffentlicht werden d\u00fcrfen. Wir m\u00f6chten darauf hinweisen, dass s\u00e4mtliche Rechte an den Bildern bei BW Pictures liegen. Dies kann in&nbsp; jedem einzelnen Fall klar nachgewiesen werden (Rohdaten vorhanden). Bei einer autorisierten Verwendung d\u00fcrfen die Bilder nicht ver\u00e4ndert werden (dies betrifft auch Ausschnittsvergr\u00f6sserungen). Bei einer autorisierten Verwendung m\u00fcssen die Rechte an dem Bild klar ersichtlich sein. Mit einem Download von dieser Seite werden diese <em>Rechte der Inhalte<\/em> klar anerkannt. Die Bilder d\u00fcrfen in keiner Form weitergegeben werden.<\/p>\n\n\n\n<h2 class=\"wp-block-heading\">Rights of the photos from BW Pictures<\/h2>\n\n\n\n<p>All photos by BW Pictures are protected by copyright and may not be copied, printed or otherwise published without the written permission of the photographer. Before each use, contact me so that the conditions in which form the photos can be published are clarified. We would like to point out that all rights to the pictures are held by BW Pictures. This can be clearly demonstrated in each individual case (raw data available). The images may not be changed if authorized for use (this also applies to enlarged sections). With authorized use, the rights to the picture must be clearly visible. By downloading from this page, these rights of content are clearly recognized. The images may not be passed on in any form.<\/p>\n\n\n\n<h2 class=\"wp-block-heading\">Rajtoj de la fotoj de BW Pictures<\/h2>\n\n\n\n<p>\u0108iuj fotoj de BW Pictures estas protektataj de kopirajto kaj eble ne estas kopiitaj, presitaj a\u016d alie eldonitaj sen la skriba permeso de la fotisto. Anta\u016d \u0109iu uzo, kontaktu min por klarigi la kondi\u0109ojn en kiuj formo la fotoj estas publikigitaj. Ni \u015datus atentigi, ke \u0109iuj rajtoj al bildoj estas posedataj de BW Pictures. \u0108i tio povas klare pruvi en \u0109iu individua kazo (krudaj disponeblaj datumoj). La bildoj eble ne \u015dan\u011di\u011dos se rajtigitaj por uzo (\u0109i tio validas anka\u016d por pligrandigitaj sekcioj). Kun rajtigita uzo, la rajtoj al la bildo devas esti klare videblaj. El\u015dutante de \u0109i tiu pa\u011do, \u0109i tiuj rajtoj de enhavo estas klare rekonataj. La bildoj eble ne estas transdonitaj en neniu formo.<\/p>\n","protected":false},"excerpt":{"rendered":"<p>Rechte der Fotos von BW Pictures Alle Fotos von BW Pictures sind urheberrechtlich gesch\u00fctzt und d\u00fcrfen ohne schriftliche Genehmigung des Fotografen nicht kopiert, gedruckt oder sonst wie ver\u00f6ffentlicht werden. Vor jeder Verwendung muss mit mir Kontakt aufgenommen werden, damit die Bedingungen gekl\u00e4rt werden, in welcher Form die Fotos ver\u00f6ffentlicht werden d\u00fcrfen. Wir m\u00f6chten darauf hinweisen, &hellip; <\/p>\n<p class=\"link-more\"><a href=\"https:\/\/bw-pictures.ch\/content\/copyright\/\" class=\"more-link\"><span class=\"screen-reader-text\">\u201eCopyright der Bilder von BW Pictures\u201c <\/span>weiterlesen<\/a><\/p>\n","protected":false},"author":1,"featured_media":0,"parent":0,"menu_order":0,"comment_status":"closed","ping_status":"closed","template":"","meta":{"footnotes":""},"class_list":["post-3052","page","type-page","status-publish","hentry"],"_links":{"self":[{"href":"https:\/\/bw-pictures.ch\/content\/wp-json\/wp\/v2\/pages\/3052","targetHints":{"allow":["GET"]}}],"collection":[{"href":"https:\/\/bw-pictures.ch\/content\/wp-json\/wp\/v2\/pages"}],"about":[{"href":"https:\/\/bw-pictures.ch\/content\/wp-json\/wp\/v2\/types\/page"}],"author":[{"embeddable":true,"href":"https:\/\/bw-pictures.ch\/content\/wp-json\/wp\/v2\/users\/1"}],"replies":[{"embeddable":true,"href":"https:\/\/bw-pictures.ch\/content\/wp-json\/wp\/v2\/comments?post=3052"}],"version-history":[{"count":8,"href":"https:\/\/bw-pictures.ch\/content\/wp-json\/wp\/v2\/pages\/3052\/revisions"}],"predecessor-version":[{"id":3065,"href":"https:\/\/bw-pictures.ch\/content\/wp-json\/wp\/v2\/pages\/3052\/revisions\/3065"}],"wp:attachment":[{"href":"https:\/\/bw-pictures.ch\/content\/wp-json\/wp\/v2\/media?parent=3052"}],"curies":[{"name":"wp","href":"https:\/\/api.w.org\/{rel}","templated":true}]}}