{"id":12,"date":"2019-04-14T14:27:18","date_gmt":"2019-04-14T12:27:18","guid":{"rendered":"https:\/\/bw-pictures.ch\/content\/?page_id=12"},"modified":"2023-12-25T20:18:55","modified_gmt":"2023-12-25T19:18:55","slug":"technik","status":"publish","type":"page","link":"https:\/\/bw-pictures.ch\/content\/technik\/","title":{"rendered":"Technik"},"content":{"rendered":"<p>Auch wenn die Ausr\u00fcstung mit der ein Foto entstanden ist, nur ein kleiner Teil des ganzen Prozesses ist, frage ich mich bei Fotos die ich mir ansehe auch immer nach dem <em>Womit<\/em>. Es ist die Frage nach dem Handwerkszeug.<\/p>\n<p><strong>Meine Werkzeuge<\/strong><br \/>\nF\u00fcr Bilder die ich mache, verwende ich oft meine digitale <em>Nikon D800<\/em>. Obwohl sie in die Jahre gekommen ist, ist es eine wunderbare Kamera, aber eine Diva. Durch die hohe Aufl\u00f6sung die sie hat, Vollformat mit 36,3 Megapixel, zeigt sie die kleinsten Fehler gnadenlos auf. Als Zweitkamera dient mir meine Nikon D3. Verglichen mit meiner D800 ist die D3 nicht eine Diva sondern ein Bolide.\u00a0 An Events, bei denen es auf Schnelligkeit ankommt, ist sie die Kamera die ich verwende. Auch im Zeitalter der digitalen Fotografie geh\u00f6rt f\u00fcr mich Schwarzweiss und die Vielfalt der Graut\u00f6ne zu meiner Welt. Die Farbe ist f\u00fcr mich kein Thema.<\/p>\n<p>Um die Stimmung zu wahren, wird mit dem vorhandenen Licht gearbeitet. Sehr oft benutze ich daf\u00fcr das <em>Nikkor 70-200mm f\/2.8G ED-IF AF-S VR<\/em>. Es ist erstaunlich, was man mit einer modernen Digitalkamera und einem guten Objektiv, noch aus der Hand fotografieren kann. Mir sind dadurch heute Bilder bei Lichtbedingungen m\u00f6glich, die ich vor Jahren nicht h\u00e4tte machen k\u00f6nnen. Seit einiger Zeit verwende ich vor Allem f\u00fcr Portraits auch das wunderbare <em>Nikkor 85mm f\/1.4G<\/em>.<\/p>\n<p>Auf Reisen bin ich ganz auf spiegllose Kameras von Fujifilm umgestiegen. Sie sind einfach kleiner. Ich verwende inzwischen die X100F und die X-T3. Beide Kameras sind unterwegs meine Lieblingswerkzeuge.<\/p>\n<p>Und ja, ich hatte einen R\u00fcckfall. Ich fotografiere inzwischen wieder oft mit meiner <em>Hasselblad<\/em> <em>500 C\/M<\/em> und meiner <em>Yashica 124G<\/em>. Beides sind Mittelformat Kameras.\u00a0 Wie fr\u00fcher entwickle ich die Filme selber. Anschliessend werden sie eingescannt. Auch hier wird ausschliesslich Schwarzweiss Material, vorwiegend von Ilford, verwendet.<\/p>\n<p>Die Bilder werden anschliessend mit dem<em> Epson 3880<\/em> ausgedruckt. Auf einem guten Papier, wie beispielsweise einem Ilford Galerie Inkjet Papier, entstehen atemberaubende Ergebnisse, die mich immer wieder begeistern. Mit einem Bild am Bildschirm kann man dies nur erahnen.<\/p>\n","protected":false},"excerpt":{"rendered":"<p>Auch wenn die Ausr\u00fcstung mit der ein Foto entstanden ist, nur ein kleiner Teil des ganzen Prozesses ist, frage ich mich bei Fotos die ich mir ansehe auch immer nach dem Womit. Es ist die Frage nach dem Handwerkszeug. Meine Werkzeuge F\u00fcr Bilder die ich mache, verwende ich oft meine digitale Nikon D800. Obwohl sie &hellip; <\/p>\n<p class=\"link-more\"><a href=\"https:\/\/bw-pictures.ch\/content\/technik\/\" class=\"more-link\"><span class=\"screen-reader-text\">\u201eTechnik\u201c <\/span>weiterlesen<\/a><\/p>\n","protected":false},"author":1,"featured_media":0,"parent":0,"menu_order":5,"comment_status":"closed","ping_status":"closed","template":"","meta":{"footnotes":""},"class_list":["post-12","page","type-page","status-publish","hentry"],"_links":{"self":[{"href":"https:\/\/bw-pictures.ch\/content\/wp-json\/wp\/v2\/pages\/12","targetHints":{"allow":["GET"]}}],"collection":[{"href":"https:\/\/bw-pictures.ch\/content\/wp-json\/wp\/v2\/pages"}],"about":[{"href":"https:\/\/bw-pictures.ch\/content\/wp-json\/wp\/v2\/types\/page"}],"author":[{"embeddable":true,"href":"https:\/\/bw-pictures.ch\/content\/wp-json\/wp\/v2\/users\/1"}],"replies":[{"embeddable":true,"href":"https:\/\/bw-pictures.ch\/content\/wp-json\/wp\/v2\/comments?post=12"}],"version-history":[{"count":13,"href":"https:\/\/bw-pictures.ch\/content\/wp-json\/wp\/v2\/pages\/12\/revisions"}],"predecessor-version":[{"id":3922,"href":"https:\/\/bw-pictures.ch\/content\/wp-json\/wp\/v2\/pages\/12\/revisions\/3922"}],"wp:attachment":[{"href":"https:\/\/bw-pictures.ch\/content\/wp-json\/wp\/v2\/media?parent=12"}],"curies":[{"name":"wp","href":"https:\/\/api.w.org\/{rel}","templated":true}]}}